{"id":601,"date":"2025-04-29T18:01:39","date_gmt":"2025-04-29T16:01:39","guid":{"rendered":"https:\/\/daguab.cat\/politica-de-cookies\/"},"modified":"2025-06-05T16:50:46","modified_gmt":"2025-06-05T14:50:46","slug":"politica-de-cookies","status":"publish","type":"page","link":"https:\/\/daguab.cat\/es\/politica-de-cookies\/","title":{"rendered":"Pol\u00edtica de cookies"},"content":{"rendered":"[vc_row type=\u00bbfull_width_content\u00bb full_screen_row_position=\u00bbmiddle\u00bb column_margin=\u00bbdefault\u00bb vertically_center_columns=\u00bbtrue\u00bb column_direction=\u00bbdefault\u00bb column_direction_tablet=\u00bbdefault\u00bb column_direction_phone=\u00bbdefault\u00bb bg_color=\u00bb#ffffff\u00bb scene_position=\u00bbcenter\u00bb text_color=\u00bbdark\u00bb text_align=\u00bbleft\u00bb row_border_radius=\u00bbnone\u00bb row_border_radius_applies=\u00bbbg\u00bb overflow=\u00bbvisible\u00bb overlay_strength=\u00bb0.3&#8243; gradient_direction=\u00bbleft_to_right\u00bb shape_divider_position=\u00bbbottom\u00bb bg_image_animation=\u00bbnone\u00bb gradient_type=\u00bbdefault\u00bb shape_type=\u00bb\u00bb][vc_column column_padding=\u00bbpadding-7-percent\u00bb column_padding_tablet=\u00bbinherit\u00bb column_padding_phone=\u00bbinherit\u00bb column_padding_position=\u00bball\u00bb column_element_direction_desktop=\u00bbdefault\u00bb column_element_spacing=\u00bbdefault\u00bb desktop_text_alignment=\u00bbdefault\u00bb tablet_text_alignment=\u00bbdefault\u00bb phone_text_alignment=\u00bbdefault\u00bb background_color_opacity=\u00bb1&#8243; background_hover_color_opacity=\u00bb1&#8243; column_backdrop_filter=\u00bbnone\u00bb column_shadow=\u00bbnone\u00bb column_border_radius=\u00bbnone\u00bb column_link_target=\u00bb_self\u00bb column_position=\u00bbdefault\u00bb gradient_direction=\u00bbleft_to_right\u00bb overlay_strength=\u00bb0.3&#8243; width=\u00bb1\/1&#8243; tablet_width_inherit=\u00bbdefault\u00bb animation_type=\u00bbdefault\u00bb bg_image_animation=\u00bbnone\u00bb border_type=\u00bbsimple\u00bb column_border_width=\u00bbnone\u00bb column_border_style=\u00bbsolid\u00bb column_padding_type=\u00bbdefault\u00bb gradient_type=\u00bbdefault\u00bb][vc_column_text css=\u00bb\u00bb text_direction=\u00bbdefault\u00bb]\n<h1>Pol\u00edtica de cookies<\/h1>\n[\/vc_column_text][vc_column_text css=\u00bb\u00bb text_direction=\u00bbdefault\u00bb]\n<p style=\"text-align: justify;\">Las cookies son archivos que se pueden descargar en su equipo desde las p\u00e1ginas web. Son herramientas con papel esencial en la prestaci\u00f3n de numerosos servicios de la sociedad de la informaci\u00f3n. Entre otras, permiten que una p\u00e1gina web almacene y recupere informaci\u00f3n sobre los h\u00e1bitos de navegaci\u00f3n de un usuario o de su equipo. La informaci\u00f3n obtenida puede utilizarse para reconocer al usuario y mejorar el servicio que se le ofrece.<\/p>\n<h3 style=\"texto-align: justify;\">TIPO DE COOKIES<\/h3>\n<p style=\"text-align: justify;\">Seg\u00fan la entidad que gestione el dominio desde el que se env\u00edan las cookies y trate los datos obtenidos, se dividen en\u00a0<strong>cookies propias<\/strong>\u00a0y<strong>\u00a0cookies de terceros<\/strong>.<\/p>\n<p style=\"text-align: justify;\">Tambi\u00e9n existe una segunda clasificaci\u00f3n seg\u00fan el plazo de tiempo de almacenamiento en el navegador del cliente. En este caso se habla de <strong>cookies de sesi\u00f3n\u00a0<\/strong>o de<strong>\u00a0cookies persistentes<\/strong>.<\/p>\n<p style=\"text-align: justify;\">Finalmente, otra clasificaci\u00f3n establece cinco tipos de cookies\u00a0 bas\u00e1ndose en la finalidad del tratamiento de los datos obtenidos:\u00a0<strong>cookies t\u00e9cnicas<\/strong>,\u00a0<strong>cookies de personalizaci\u00f3n<\/strong>,\u00a0<strong>cookies de an\u00e1lisis<\/strong>, publicitarias\u00a0y\u00a0<strong>cookies de publicidad comportamental<\/strong>.<\/p>\n<p style=\"text-align: justify;\">Si desea m\u00e1s informaci\u00f3n sobre las cookies, puede consultar la\u00a0<a href=\"http:\/\/www.agpd.es\/portalwebAGPD\/canaldocumentacion\/publicaciones\/common\/Guias\/Guia_Cookies.pdf\" target=\"_blank\" rel=\"&quot; noopener\">\u00a0Gu\u00eda sobre el uso de cookies de la Agencia Espa\u00f1ola de Protecci\u00f3n de Datos.<\/a><\/p>\n<h3 style=\"text-align: justify;\">COOKIES UTILIZADAS A\u00a0<a href=\"https:\/\/daguab.cat\/es\/\" target=\"_blank\" rel=\"noopener\">DAGUAB.CAT<\/a><\/h3>\n<p style=\"text-align: justify;\">A continuaci\u00f3n se identifican las cookies que utiliza este portal, as\u00ed como su tipolog\u00eda y funci\u00f3n:<\/p>\n<div class=\"cky-audit-table-element\"><\/div>\n<h4>GESTIONAR LAS PREFERENCIAS DE COOKIES<\/h4>\n<p><a class=\"cky-banner-element\">Configuraci\u00f3n de cookies<\/a><br \/>\nPuede cambiar sus preferencias de cookies en cualquier momento haciendo clic en el enlace de arriba. Esto le permitir\u00e1 volver a visitar el banner de consentimiento de cookies y cambiar sus preferencias o retirar su consentimiento de inmediato.<\/p>\n<h3 style=\"text-align: justify;\">MODIFICAR LA CONFIGURACI\u00d3N DE LAS COOKIES<\/h3>\n<p style=\"text-align: justify;\">Puede restringir, bloquear o borrar las cookies de cualquier p\u00e1gina web utilizando el navegador. Cada navegador tiene una forma diferente que podr\u00e1 ver en la funci\u00f3n de <strong>Ayuda<\/strong>.<\/p>\n<ul style=\"texto-align: justify;\">\n<li><a href=\"http:\/\/www.google.es\/intl\/es\/policies\/technologies\/managing\/\" target=\"_blank\" rel=\"noopener noreferrer\">Chrome<\/a><\/li>\n<li><a href=\"http:\/\/support.mozilla.org\/es\/kb\/Galetes\" target=\"_blank\" rel=\"noopener noreferrer\">Firefox<\/a><\/li>\n<li><a href=\"https:\/\/support.microsoft.com\/es-es\/windows\/administrar-cookies-en-microsoft-edge-ver-permitir-bloquear-eliminar-y-usar-168dab11-0753-043d-7c16-ede5947fc6= noreferrer\">Microsoft Edge<\/a><\/li>\n<li><a href=\"https:\/\/support.apple.com\/kb\/PH21411?locale=es_ES&amp;viewlocale=es_ES\" target=\"_blank\" rel=\"noopener noreferrer\">Safari<\/a><\/li>\n<\/ul>\n<p style=\"text-align: justify;\">Adem\u00e1s, tambi\u00e9n puede gestionar el almacenamiento de cookies en el navegador mediante herramientas como las siguientes:<\/p>\n<p style=\"text-align: justify;\">Ghostery:\u00a0<a href=\"http:\/\/www.ghostery.com\/\" target=\"_blank\" rel=\"noopener noreferrer\">www.ghostery.com\/<\/a><br \/>\nYour online choices:\u00a0<a href=\"http:\/\/www.youronlinechoices.com\/es\/\" target=\"_blank\" rel=\"noopener noreferrer\">www.youronlinechoices.com\/es\/<\/a><\/p>\n[\/vc_column_text][\/vc_column][\/vc_row]\n","protected":false},"excerpt":{"rendered":"<p>[vc_row type=\u00bbfull_width_content\u00bb full_screen_row_position=\u00bbmiddle\u00bb column_margin=\u00bbdefault\u00bb vertically_center_columns=\u00bbtrue\u00bb column_direction=\u00bbdefault\u00bb column_direction_tablet=\u00bbdefault\u00bb column_direction_phone=\u00bbdefault\u00bb bg_color=\u00bb#ffffff\u00bb scene_position=\u00bbcenter\u00bb text_color=\u00bbdark\u00bb text_align=\u00bbleft\u00bb row_border_radius=\u00bbnone\u00bb row_border_radius_applies=\u00bbbg\u00bb overflow=\u00bbvisible\u00bb overlay_strength=\u00bb0.3&#8243; gradient_direction=\u00bbleft_to_right\u00bb shape_divider_position=\u00bbbottom\u00bb bg_image_animation=\u00bbnone\u00bb gradient_type=\u00bbdefault\u00bb shape_type=\u00bb\u00bb][vc_column column_padding=\u00bbpadding-7-percent\u00bb column_padding_tablet=\u00bbinherit\u00bb column_padding_phone=\u00bbinherit\u00bb column_padding_position=\u00bball\u00bb column_element_direction_desktop=\u00bbdefault\u00bb column_element_spacing=\u00bbdefault\u00bb desktop_text_alignment=\u00bbdefault\u00bb tablet_text_alignment=\u00bbdefault\u00bb phone_text_alignment=\u00bbdefault\u00bb&#8230;<\/p>\n","protected":false},"author":3,"featured_media":0,"parent":0,"menu_order":0,"comment_status":"closed","ping_status":"closed","template":"","meta":{"footnotes":""},"class_list":["post-601","page","type-page","status-publish"],"yoast_head":"<!-- This site is optimized with the Yoast SEO plugin v25.3 - https:\/\/yoast.com\/wordpress\/plugins\/seo\/ -->\n<title>Pol\u00edtica de cookies - daguab<\/title>\n<meta name=\"robots\" content=\"index, follow, max-snippet:-1, max-image-preview:large, max-video-preview:-1\" \/>\n<link rel=\"canonical\" href=\"https:\/\/daguab.cat\/es\/politica-de-cookies\/\" \/>\n<meta property=\"og:locale\" content=\"es_ES\" \/>\n<meta property=\"og:type\" content=\"article\" \/>\n<meta property=\"og:title\" content=\"Pol\u00edtica de cookies - daguab\" \/>\n<meta property=\"og:description\" content=\"[vc_row type=\u00bbfull_width_content\u00bb full_screen_row_position=\u00bbmiddle\u00bb column_margin=\u00bbdefault\u00bb vertically_center_columns=\u00bbtrue\u00bb column_direction=\u00bbdefault\u00bb column_direction_tablet=\u00bbdefault\u00bb column_direction_phone=\u00bbdefault\u00bb bg_color=\u00bb#ffffff\u00bb scene_position=\u00bbcenter\u00bb text_color=\u00bbdark\u00bb text_align=\u00bbleft\u00bb row_border_radius=\u00bbnone\u00bb row_border_radius_applies=\u00bbbg\u00bb overflow=\u00bbvisible\u00bb overlay_strength=\u00bb0.3&#8243; gradient_direction=\u00bbleft_to_right\u00bb shape_divider_position=\u00bbbottom\u00bb bg_image_animation=\u00bbnone\u00bb gradient_type=\u00bbdefault\u00bb shape_type=\u00bb\u00bb][vc_column column_padding=\u00bbpadding-7-percent\u00bb column_padding_tablet=\u00bbinherit\u00bb column_padding_phone=\u00bbinherit\u00bb column_padding_position=\u00bball\u00bb column_element_direction_desktop=\u00bbdefault\u00bb column_element_spacing=\u00bbdefault\u00bb desktop_text_alignment=\u00bbdefault\u00bb tablet_text_alignment=\u00bbdefault\u00bb phone_text_alignment=\u00bbdefault\u00bb...\" \/>\n<meta property=\"og:url\" content=\"https:\/\/daguab.cat\/es\/politica-de-cookies\/\" \/>\n<meta property=\"og:site_name\" content=\"daguab\" \/>\n<meta property=\"article:modified_time\" content=\"2025-06-05T14:50:46+00:00\" \/>\n<meta name=\"twitter:card\" content=\"summary_large_image\" \/>\n<meta name=\"twitter:label1\" content=\"Tiempo de lectura\" \/>\n\t<meta name=\"twitter:data1\" content=\"2 minutos\" \/>\n<script type=\"application\/ld+json\" class=\"yoast-schema-graph\">{\"@context\":\"https:\/\/schema.org\",\"@graph\":[{\"@type\":\"WebPage\",\"@id\":\"https:\/\/daguab.cat\/es\/politica-de-cookies\/\",\"url\":\"https:\/\/daguab.cat\/es\/politica-de-cookies\/\",\"name\":\"Pol\u00edtica de cookies - daguab\",\"isPartOf\":{\"@id\":\"https:\/\/daguab.cat\/es\/#website\"},\"datePublished\":\"2025-04-29T16:01:39+00:00\",\"dateModified\":\"2025-06-05T14:50:46+00:00\",\"breadcrumb\":{\"@id\":\"https:\/\/daguab.cat\/es\/politica-de-cookies\/#breadcrumb\"},\"inLanguage\":\"es\",\"potentialAction\":[{\"@type\":\"ReadAction\",\"target\":[\"https:\/\/daguab.cat\/es\/politica-de-cookies\/\"]}]},{\"@type\":\"BreadcrumbList\",\"@id\":\"https:\/\/daguab.cat\/es\/politica-de-cookies\/#breadcrumb\",\"itemListElement\":[{\"@type\":\"ListItem\",\"position\":1,\"name\":\"Inici\",\"item\":\"https:\/\/daguab.cat\/es\/\"},{\"@type\":\"ListItem\",\"position\":2,\"name\":\"Pol\u00edtica de cookies\"}]},{\"@type\":\"WebSite\",\"@id\":\"https:\/\/daguab.cat\/es\/#website\",\"url\":\"https:\/\/daguab.cat\/es\/\",\"name\":\"daguab\",\"description\":\"P\u00e0gina web personal de Daniel Guti\u00e9rrez Abella\",\"potentialAction\":[{\"@type\":\"SearchAction\",\"target\":{\"@type\":\"EntryPoint\",\"urlTemplate\":\"https:\/\/daguab.cat\/es\/?s={search_term_string}\"},\"query-input\":{\"@type\":\"PropertyValueSpecification\",\"valueRequired\":true,\"valueName\":\"search_term_string\"}}],\"inLanguage\":\"es\"}]}<\/script>\n<!-- \/ Yoast SEO plugin. -->","yoast_head_json":{"title":"Pol\u00edtica de cookies - daguab","robots":{"index":"index","follow":"follow","max-snippet":"max-snippet:-1","max-image-preview":"max-image-preview:large","max-video-preview":"max-video-preview:-1"},"canonical":"https:\/\/daguab.cat\/es\/politica-de-cookies\/","og_locale":"es_ES","og_type":"article","og_title":"Pol\u00edtica de cookies - daguab","og_description":"[vc_row type=\u00bbfull_width_content\u00bb full_screen_row_position=\u00bbmiddle\u00bb column_margin=\u00bbdefault\u00bb vertically_center_columns=\u00bbtrue\u00bb column_direction=\u00bbdefault\u00bb column_direction_tablet=\u00bbdefault\u00bb column_direction_phone=\u00bbdefault\u00bb bg_color=\u00bb#ffffff\u00bb scene_position=\u00bbcenter\u00bb text_color=\u00bbdark\u00bb text_align=\u00bbleft\u00bb row_border_radius=\u00bbnone\u00bb row_border_radius_applies=\u00bbbg\u00bb overflow=\u00bbvisible\u00bb overlay_strength=\u00bb0.3&#8243; gradient_direction=\u00bbleft_to_right\u00bb shape_divider_position=\u00bbbottom\u00bb bg_image_animation=\u00bbnone\u00bb gradient_type=\u00bbdefault\u00bb shape_type=\u00bb\u00bb][vc_column column_padding=\u00bbpadding-7-percent\u00bb column_padding_tablet=\u00bbinherit\u00bb column_padding_phone=\u00bbinherit\u00bb column_padding_position=\u00bball\u00bb column_element_direction_desktop=\u00bbdefault\u00bb column_element_spacing=\u00bbdefault\u00bb desktop_text_alignment=\u00bbdefault\u00bb tablet_text_alignment=\u00bbdefault\u00bb phone_text_alignment=\u00bbdefault\u00bb...","og_url":"https:\/\/daguab.cat\/es\/politica-de-cookies\/","og_site_name":"daguab","article_modified_time":"2025-06-05T14:50:46+00:00","twitter_card":"summary_large_image","twitter_misc":{"Tiempo de lectura":"2 minutos"},"schema":{"@context":"https:\/\/schema.org","@graph":[{"@type":"WebPage","@id":"https:\/\/daguab.cat\/es\/politica-de-cookies\/","url":"https:\/\/daguab.cat\/es\/politica-de-cookies\/","name":"Pol\u00edtica de cookies - daguab","isPartOf":{"@id":"https:\/\/daguab.cat\/es\/#website"},"datePublished":"2025-04-29T16:01:39+00:00","dateModified":"2025-06-05T14:50:46+00:00","breadcrumb":{"@id":"https:\/\/daguab.cat\/es\/politica-de-cookies\/#breadcrumb"},"inLanguage":"es","potentialAction":[{"@type":"ReadAction","target":["https:\/\/daguab.cat\/es\/politica-de-cookies\/"]}]},{"@type":"BreadcrumbList","@id":"https:\/\/daguab.cat\/es\/politica-de-cookies\/#breadcrumb","itemListElement":[{"@type":"ListItem","position":1,"name":"Inici","item":"https:\/\/daguab.cat\/es\/"},{"@type":"ListItem","position":2,"name":"Pol\u00edtica de cookies"}]},{"@type":"WebSite","@id":"https:\/\/daguab.cat\/es\/#website","url":"https:\/\/daguab.cat\/es\/","name":"daguab","description":"P\u00e0gina web personal de Daniel Guti\u00e9rrez Abella","potentialAction":[{"@type":"SearchAction","target":{"@type":"EntryPoint","urlTemplate":"https:\/\/daguab.cat\/es\/?s={search_term_string}"},"query-input":{"@type":"PropertyValueSpecification","valueRequired":true,"valueName":"search_term_string"}}],"inLanguage":"es"}]}},"_links":{"self":[{"href":"https:\/\/daguab.cat\/es\/wp-json\/wp\/v2\/pages\/601","targetHints":{"allow":["GET"]}}],"collection":[{"href":"https:\/\/daguab.cat\/es\/wp-json\/wp\/v2\/pages"}],"about":[{"href":"https:\/\/daguab.cat\/es\/wp-json\/wp\/v2\/types\/page"}],"author":[{"embeddable":true,"href":"https:\/\/daguab.cat\/es\/wp-json\/wp\/v2\/users\/3"}],"replies":[{"embeddable":true,"href":"https:\/\/daguab.cat\/es\/wp-json\/wp\/v2\/comments?post=601"}],"version-history":[{"count":3,"href":"https:\/\/daguab.cat\/es\/wp-json\/wp\/v2\/pages\/601\/revisions"}],"predecessor-version":[{"id":613,"href":"https:\/\/daguab.cat\/es\/wp-json\/wp\/v2\/pages\/601\/revisions\/613"}],"wp:attachment":[{"href":"https:\/\/daguab.cat\/es\/wp-json\/wp\/v2\/media?parent=601"}],"curies":[{"name":"wp","href":"https:\/\/api.w.org\/{rel}","templated":true}]}}