{"id":592,"date":"2025-04-29T18:01:21","date_gmt":"2025-04-29T16:01:21","guid":{"rendered":"https:\/\/daguab.cat\/politica-de-privacitat\/"},"modified":"2025-06-05T16:04:53","modified_gmt":"2025-06-05T14:04:53","slug":"politica-de-privacidad","status":"publish","type":"page","link":"https:\/\/daguab.cat\/es\/politica-de-privacidad\/","title":{"rendered":"Pol\u00edtica de Privacidad"},"content":{"rendered":"[vc_row type=\u00bbfull_width_content\u00bb full_screen_row_position=\u00bbmiddle\u00bb column_margin=\u00bbdefault\u00bb vertically_center_columns=\u00bbtrue\u00bb column_direction=\u00bbdefault\u00bb column_direction_tablet=\u00bbdefault\u00bb column_direction_phone=\u00bbdefault\u00bb bg_color=\u00bb#ffffff\u00bb scene_position=\u00bbcenter\u00bb text_color=\u00bbdark\u00bb text_align=\u00bbleft\u00bb row_border_radius=\u00bbnone\u00bb row_border_radius_applies=\u00bbbg\u00bb overflow=\u00bbvisible\u00bb overlay_strength=\u00bb0.3&#8243; gradient_direction=\u00bbleft_to_right\u00bb shape_divider_position=\u00bbbottom\u00bb bg_image_animation=\u00bbnone\u00bb gradient_type=\u00bbdefault\u00bb shape_type=\u00bb\u00bb][vc_column column_padding=\u00bbpadding-7-percent\u00bb column_padding_tablet=\u00bbinherit\u00bb column_padding_phone=\u00bbinherit\u00bb column_padding_position=\u00bball\u00bb column_element_direction_desktop=\u00bbdefault\u00bb column_element_spacing=\u00bbdefault\u00bb desktop_text_alignment=\u00bbdefault\u00bb tablet_text_alignment=\u00bbdefault\u00bb phone_text_alignment=\u00bbdefault\u00bb background_color_opacity=\u00bb1&#8243; background_hover_color_opacity=\u00bb1&#8243; column_backdrop_filter=\u00bbnone\u00bb column_shadow=\u00bbnone\u00bb column_border_radius=\u00bbnone\u00bb column_link_target=\u00bb_self\u00bb column_position=\u00bbdefault\u00bb gradient_direction=\u00bbleft_to_right\u00bb overlay_strength=\u00bb0.3&#8243; width=\u00bb1\/1&#8243; tablet_width_inherit=\u00bbdefault\u00bb animation_type=\u00bbdefault\u00bb bg_image_animation=\u00bbnone\u00bb border_type=\u00bbsimple\u00bb column_border_width=\u00bbnone\u00bb column_border_style=\u00bbsolid\u00bb column_padding_type=\u00bbdefault\u00bb gradient_type=\u00bbdefault\u00bb][vc_column_text css=\u00bb\u00bb text_direction=\u00bbdefault\u00bb]\n<h1>Pol\u00edtica de Privacidad<\/h1>\n[\/vc_column_text][vc_column_text css=\u00bb\u00bb text_direction=\u00bbdefault\u00bb]\n<p style=\"texto-align: justify;\">En base a lo dispuesto en el Reglamento General de Protecci\u00f3n de Datos 2016\/679 (RGPD) la presente Pol\u00edtica de Privacidad establece los t\u00e9rminos en los que <strong>Daguab (Daniel Guti\u00e9rrez Abella)<\/strong> utiliza y protege la informaci\u00f3n que es proporcionada por sus usuarios. Cuando te solicitamos informaci\u00f3n personal con la que puedas ser identificado, lo hacemos asegurando que s\u00f3lo se utilizar\u00e1 de acuerdo con los t\u00e9rminos de este documento. Sin embargo esta pol\u00edtica de privacidad puede cambiar con el tiempo o ser actualizada por lo que te <strong>recomendamos revisar continuamente esta p\u00e1gina<\/strong>\u00a0para asegurarte de que est\u00e1s de acuerdo con estos cambios.<\/p>\n<h3 style=\"text-align: justify;\">RESPONSABLE<\/h3>\n<h4 style=\"text-align: justify;\">INFORMACI\u00d3N EMPRESA<\/h4>\n<p style=\"text-align: justify;\">Daniel Guti\u00e9rrez Abella<br \/>\n<strong>NIF: <\/strong>53068620F<\/p>\n<p style=\"text-align: justify;\"><strong>Direcci\u00f3n Fiscal:<\/strong> Passatge Borell, 8 Baixos<br \/>\n08005 Barcelona<\/p>\n<p style=\"text-align: justify;\"><strong>Tel\u00e9fono:<\/strong> <a href=\"tel:613032331\">613032331<\/a><br \/>\n<strong>Correo electr\u00f3nico:<\/strong> hola@daguab.cat<\/p>\n<h3 style=\"text-align: justify;\">FINALIDAD<\/h3>\n<p style=\"text-align: justify;\">Nuestro sitio web podr\u00e1 recoger informaci\u00f3n personal por ejemplo: Nombre, informaci\u00f3n de contacto como su direcci\u00f3n de correo electr\u00f3nico u otra informaci\u00f3n personal.<\/p>\n<p style=\"text-align: justify;\"><strong>Daguab (Daniel Guti\u00e9rrez Abella) <\/strong>s\u00f3lo podr\u00e1 recoger informaci\u00f3n para las siguientes finalidades:<\/p>\n<ul>\n<li>En caso de contrataci\u00f3n de servicios ofrecidos a trav\u00e9s del sitio web, para mantener la relaci\u00f3n contractual, as\u00ed como la gesti\u00f3n, administraci\u00f3n, informaci\u00f3n, prestaci\u00f3n y mejora del servicio.<\/li>\n<li>Env\u00edo de informaci\u00f3n solicitada a trav\u00e9s de los formularios del sitio web.<\/li>\n<li>Remitir boletines -newsletters-, as\u00ed como comunicaciones comerciales de promociones y\/o publicidad del sitio web.<\/li>\n<\/ul>\n<p>Recordamos que puedes oponerte al env\u00edo de comunicaciones comerciales en cualquier momento enviando un correo electr\u00f3nico a <a href=\"mailto:hola@daguab.cat\">hola@daguab.cat<\/a>.<\/p>\n<h3 style=\"text-align: justify;\">LEGITIMIDAD<\/h3>\n<p style=\"text-align: justify;\">El tratamiento de tus datos se realiza con las siguientes bases jur\u00eddicas que legitiman el tratamiento:<\/p>\n<ul style=\"texto-align: justify;\">\n<li>La solicitud de informaci\u00f3n y\/o la contrataci\u00f3n de los servicios de <strong>Daguab (Daniel Guti\u00e9rrez Abella)<\/strong>, los t\u00e9rminos y condiciones se pondr\u00e1n a tu disposici\u00f3n en todo caso, de forma previa a una eventual contrataci\u00f3n.<\/li>\n<li>El consentimiento libre, espec\u00edfico, informado e inequ\u00edvoco, en tanto que te informamos poniendo a tu disposici\u00f3n la presente pol\u00edtica de privacidad, que despu\u00e9s de la lectura de la misma, en caso de estar conforme, puedes aceptar mediante una declaraci\u00f3n o una clara acci\u00f3n afirmativa, como el marcado de una casilla dispuesta a tal efecto.<\/li>\n<\/ul>\n<p style=\"text-align: justify;\">En caso de que no nos facilites tus datos o lo hagas de forma err\u00f3nea o incompleta, no podremos atender tu solicitud, resultando del todo imposible proporcionar la informaci\u00f3n solicitada o llevar a cabo la contrataci\u00f3n de los servicios.<\/p>\n<h3 style=\"text-align: justify;\">PLAZO\u00a0DE CONSERVACI\u00d3N DE\u00a0DATOS<\/h3>\n<p style=\"text-align: justify;\">Los datos proporcionados se conservar\u00e1n mientras no se solicite el cese de la actividad, se mantenga la relaci\u00f3n comercial, durante los a\u00f1os necesarios para cumplir con las obligaciones legales o hasta que dejen de ser necesarias o pertinentes para la finalidad para la que fueron recabadas o registradas.<\/p>\n<h3 style=\"text-align: justify;\">DESTINATARIOS<\/h3>\n<p style=\"texto-align: justify;\"><strong>Daguab (Daniel Guti\u00e9rrez Abella)<\/strong> no vender\u00e1, ceder\u00e1 o distribuir\u00e1 la informaci\u00f3n personal que es recopilada sin tu consentimiento, a menos que sea requerido por un juez con orden judicial.<\/p>\n<h3 style=\"texto-align: justify;\">DERECHOS<\/h3>\n<p style=\"text-align: justify;\">Como interesado que nos has proporcionado tus datos personales, tienes todo el derecho a obtener confirmaci\u00f3n sobre si en <strong>Daguab (Daniel Guti\u00e9rrez Abella)<\/strong> estamos tratando tus datos personales, y en concreto est\u00e1s facultado para ejercitar los derechos que la normativa<\/p>\n<ul style=\"texto-align: justify;\">\n<li>Derecho de ACCESO a tus datos personales.<\/li>\n<li>Derechos de solicitar la RECTIFICACI\u00d3N de los datos inexactos.<\/li>\n<li>Derecho de solicitar su SUPRESI\u00d3N cuando, entre otros motivos, los datos ya no sean necesarios para los fines en los que fueron recogidos.<\/li>\n<li>En determinadas circunstancias, podr\u00e1s solicitar la LIMITACI\u00d3N DEL TRATAMIENTO de los datos, \u00fanicamente los conservaremos para el ejercicio o la defensa de reclamaciones.<\/li>\n<li>En determinadas circunstancias y por motivos relacionados con su situaci\u00f3n particular, los interesados \u200b\u200bpodr\u00e1n ejercitar su derecho de OPOSICI\u00d3N al tratamiento de sus datos. Dejaremos de tratar los datos, excepto por motivos leg\u00edtimos imperiosos, o el ejercicio o la defensa de posibles reclamaciones.<\/li>\n<li>En determinadas circunstancias y por motivos relacionados con tu situaci\u00f3n particular, podr\u00e1s solicitar tu derecho a la PORTABILIDAD de los datos.<\/li>\n<\/ul>\n<p style=\"text-align: justify;\">En cualquier momento puedes restringir la recopilaci\u00f3n o el uso de la informaci\u00f3n personal que se proporciona en nuestro sitio web. Para ello bastar\u00e1 con llamarnos al <a href=\"tel:613032331\">613032331<\/a> o enviarnos un correo electr\u00f3nico a hola@daguab.cat.<\/p>\n<p style=\"text-align: justify;\">Adem\u00e1s, en caso de que se haya vulnerado cualquiera de tus derechos, tienes derecho a presentar una reclamaci\u00f3n ante la Agencia Espa\u00f1ola de Protecci\u00f3n de Datos (AEPD), en C\/ Jorge Juan, 6, 28001-Madrid oa trav\u00e9s de la sede electr\u00f3nica de la AEPD:\u00a0<a href=\"https:\/\/sedeagpd.gob.es\/sede-electronica-web\/\" target=\"_blank\" rel=\"noopener noreferrer\">https:\/\/sedeagpd.gob.es\/sede-electronica-web\/<\/a><\/p>\n<h3 style=\"text-align: justify;\">INFORMACI\u00d3N ADICIONAL<\/h3>\n<h4 style=\"texto-align: justify;\">ENLACES A TERCEROS<\/h4>\n<p style=\"text-align: justify;\">Este sitio web puede contener enlaces a otros sitios que pueden ser de tu inter\u00e9s. Una vez que hagas clic en estos enlaces y abandones nuestra p\u00e1gina, ya no tenemos control sobre el sitio al que ser\u00e1s redirigido y por tanto no somos responsables de los t\u00e9rminos o privacidad ni de la protecci\u00f3n de tus datos en estos otros sitios terceros. Estos sitios est\u00e1n sujetos a sus propias pol\u00edticas de privacidad por lo que es recomendable que las consultes para confirmar que est\u00e1s de acuerdo con ellas.<\/p>\n<h4 style=\"text-align: justify;\">SEGURIDAD DE LA INFORMACI\u00d3N RECOGIDA<\/h4>\n<p style=\"texto-align: justify;\"><strong>Daguab (Daniel Guti\u00e9rrez Abella)<\/strong> est\u00e1 altamente comprometida para cumplir con el compromiso de mantener tu informaci\u00f3n segura. Utilizamos los sistemas m\u00e1s avanzados y los actualizamos constantemente para asegurarnos de que no exista ning\u00fan acceso no autorizado.<\/p>\n<h4 style=\"text-align: justify;\">COOKIES<\/h4>\n<p style=\"text-align: justify;\">Las cookies son archivos que se pueden descargar en tu equipo desde las p\u00e1ginas web. Son herramientas con papel esencial en la prestaci\u00f3n de numerosos servicios de la sociedad de la informaci\u00f3n. Entre otras, permiten que una p\u00e1gina web almacene y recupere informaci\u00f3n sobre los h\u00e1bitos de navegaci\u00f3n de un usuario o de su equipo. La informaci\u00f3n obtenida puede utilizarse para reconocer al usuario y mejorar el servicio que se le ofrece.<\/p>\n<p style=\"text-align: justify;\">Nuestro sitio web utiliza cookies para poder identificar las p\u00e1ginas que son visitadas y su frecuencia mediante Google Analytics. Esta informaci\u00f3n es utilizada \u00fanicamente para an\u00e1lisis estad\u00edstico y despu\u00e9s la informaci\u00f3n se elimina de forma permanente. Puedes eliminar las cookies en cualquier momento desde tu ordenador o bien <a href=\"https:\/\/tools.google.com\/dlpage\/gaoptout\" target=\"_blank\" rel=\"noopener noreferrer\">instalar un complemento en tu navegador<\/a> para evitar que tus datos sean utilizados por Google Analytics. M\u00e1s informaci\u00f3n sobre nuestra\u00a0<a href=\"https:\/\/daguab.cat\/es\/politica-de-cookies\/\">Pol\u00edtica de Cookies<\/a>.<\/p>\n[\/vc_column_text][\/vc_column][\/vc_row]\n","protected":false},"excerpt":{"rendered":"<p>[vc_row type=\u00bbfull_width_content\u00bb full_screen_row_position=\u00bbmiddle\u00bb column_margin=\u00bbdefault\u00bb vertically_center_columns=\u00bbtrue\u00bb column_direction=\u00bbdefault\u00bb column_direction_tablet=\u00bbdefault\u00bb column_direction_phone=\u00bbdefault\u00bb bg_color=\u00bb#ffffff\u00bb scene_position=\u00bbcenter\u00bb text_color=\u00bbdark\u00bb text_align=\u00bbleft\u00bb row_border_radius=\u00bbnone\u00bb row_border_radius_applies=\u00bbbg\u00bb overflow=\u00bbvisible\u00bb overlay_strength=\u00bb0.3&#8243; gradient_direction=\u00bbleft_to_right\u00bb shape_divider_position=\u00bbbottom\u00bb bg_image_animation=\u00bbnone\u00bb gradient_type=\u00bbdefault\u00bb shape_type=\u00bb\u00bb][vc_column column_padding=\u00bbpadding-7-percent\u00bb column_padding_tablet=\u00bbinherit\u00bb column_padding_phone=\u00bbinherit\u00bb column_padding_position=\u00bball\u00bb column_element_direction_desktop=\u00bbdefault\u00bb column_element_spacing=\u00bbdefault\u00bb desktop_text_alignment=\u00bbdefault\u00bb tablet_text_alignment=\u00bbdefault\u00bb phone_text_alignment=\u00bbdefault\u00bb&#8230;<\/p>\n","protected":false},"author":3,"featured_media":0,"parent":0,"menu_order":0,"comment_status":"closed","ping_status":"closed","template":"","meta":{"footnotes":""},"class_list":["post-592","page","type-page","status-publish"],"yoast_head":"<!-- This site is optimized with the Yoast SEO plugin v25.3 - https:\/\/yoast.com\/wordpress\/plugins\/seo\/ -->\n<title>Pol\u00edtica de Privacidad - daguab<\/title>\n<meta name=\"robots\" content=\"index, follow, max-snippet:-1, max-image-preview:large, max-video-preview:-1\" \/>\n<link rel=\"canonical\" href=\"https:\/\/daguab.cat\/es\/politica-de-privacidad\/\" \/>\n<meta property=\"og:locale\" content=\"es_ES\" \/>\n<meta property=\"og:type\" content=\"article\" \/>\n<meta property=\"og:title\" content=\"Pol\u00edtica de Privacidad - daguab\" \/>\n<meta property=\"og:description\" content=\"[vc_row type=\u00bbfull_width_content\u00bb full_screen_row_position=\u00bbmiddle\u00bb column_margin=\u00bbdefault\u00bb vertically_center_columns=\u00bbtrue\u00bb column_direction=\u00bbdefault\u00bb column_direction_tablet=\u00bbdefault\u00bb column_direction_phone=\u00bbdefault\u00bb bg_color=\u00bb#ffffff\u00bb scene_position=\u00bbcenter\u00bb text_color=\u00bbdark\u00bb text_align=\u00bbleft\u00bb row_border_radius=\u00bbnone\u00bb row_border_radius_applies=\u00bbbg\u00bb overflow=\u00bbvisible\u00bb overlay_strength=\u00bb0.3&#8243; gradient_direction=\u00bbleft_to_right\u00bb shape_divider_position=\u00bbbottom\u00bb bg_image_animation=\u00bbnone\u00bb gradient_type=\u00bbdefault\u00bb shape_type=\u00bb\u00bb][vc_column column_padding=\u00bbpadding-7-percent\u00bb column_padding_tablet=\u00bbinherit\u00bb column_padding_phone=\u00bbinherit\u00bb column_padding_position=\u00bball\u00bb column_element_direction_desktop=\u00bbdefault\u00bb column_element_spacing=\u00bbdefault\u00bb desktop_text_alignment=\u00bbdefault\u00bb tablet_text_alignment=\u00bbdefault\u00bb phone_text_alignment=\u00bbdefault\u00bb...\" \/>\n<meta property=\"og:url\" content=\"https:\/\/daguab.cat\/es\/politica-de-privacidad\/\" \/>\n<meta property=\"og:site_name\" content=\"daguab\" \/>\n<meta property=\"article:modified_time\" content=\"2025-06-05T14:04:53+00:00\" \/>\n<meta name=\"twitter:card\" content=\"summary_large_image\" \/>\n<meta name=\"twitter:label1\" content=\"Tiempo de lectura\" \/>\n\t<meta name=\"twitter:data1\" content=\"6 minutos\" \/>\n<script type=\"application\/ld+json\" class=\"yoast-schema-graph\">{\"@context\":\"https:\/\/schema.org\",\"@graph\":[{\"@type\":\"WebPage\",\"@id\":\"https:\/\/daguab.cat\/es\/politica-de-privacidad\/\",\"url\":\"https:\/\/daguab.cat\/es\/politica-de-privacidad\/\",\"name\":\"Pol\u00edtica de Privacidad - daguab\",\"isPartOf\":{\"@id\":\"https:\/\/daguab.cat\/es\/#website\"},\"datePublished\":\"2025-04-29T16:01:21+00:00\",\"dateModified\":\"2025-06-05T14:04:53+00:00\",\"breadcrumb\":{\"@id\":\"https:\/\/daguab.cat\/es\/politica-de-privacidad\/#breadcrumb\"},\"inLanguage\":\"es\",\"potentialAction\":[{\"@type\":\"ReadAction\",\"target\":[\"https:\/\/daguab.cat\/es\/politica-de-privacidad\/\"]}]},{\"@type\":\"BreadcrumbList\",\"@id\":\"https:\/\/daguab.cat\/es\/politica-de-privacidad\/#breadcrumb\",\"itemListElement\":[{\"@type\":\"ListItem\",\"position\":1,\"name\":\"Inici\",\"item\":\"https:\/\/daguab.cat\/es\/\"},{\"@type\":\"ListItem\",\"position\":2,\"name\":\"Pol\u00edtica de Privacidad\"}]},{\"@type\":\"WebSite\",\"@id\":\"https:\/\/daguab.cat\/es\/#website\",\"url\":\"https:\/\/daguab.cat\/es\/\",\"name\":\"daguab\",\"description\":\"P\u00e0gina web personal de Daniel Guti\u00e9rrez Abella\",\"potentialAction\":[{\"@type\":\"SearchAction\",\"target\":{\"@type\":\"EntryPoint\",\"urlTemplate\":\"https:\/\/daguab.cat\/es\/?s={search_term_string}\"},\"query-input\":{\"@type\":\"PropertyValueSpecification\",\"valueRequired\":true,\"valueName\":\"search_term_string\"}}],\"inLanguage\":\"es\"}]}<\/script>\n<!-- \/ Yoast SEO plugin. -->","yoast_head_json":{"title":"Pol\u00edtica de Privacidad - daguab","robots":{"index":"index","follow":"follow","max-snippet":"max-snippet:-1","max-image-preview":"max-image-preview:large","max-video-preview":"max-video-preview:-1"},"canonical":"https:\/\/daguab.cat\/es\/politica-de-privacidad\/","og_locale":"es_ES","og_type":"article","og_title":"Pol\u00edtica de Privacidad - daguab","og_description":"[vc_row type=\u00bbfull_width_content\u00bb full_screen_row_position=\u00bbmiddle\u00bb column_margin=\u00bbdefault\u00bb vertically_center_columns=\u00bbtrue\u00bb column_direction=\u00bbdefault\u00bb column_direction_tablet=\u00bbdefault\u00bb column_direction_phone=\u00bbdefault\u00bb bg_color=\u00bb#ffffff\u00bb scene_position=\u00bbcenter\u00bb text_color=\u00bbdark\u00bb text_align=\u00bbleft\u00bb row_border_radius=\u00bbnone\u00bb row_border_radius_applies=\u00bbbg\u00bb overflow=\u00bbvisible\u00bb overlay_strength=\u00bb0.3&#8243; gradient_direction=\u00bbleft_to_right\u00bb shape_divider_position=\u00bbbottom\u00bb bg_image_animation=\u00bbnone\u00bb gradient_type=\u00bbdefault\u00bb shape_type=\u00bb\u00bb][vc_column column_padding=\u00bbpadding-7-percent\u00bb column_padding_tablet=\u00bbinherit\u00bb column_padding_phone=\u00bbinherit\u00bb column_padding_position=\u00bball\u00bb column_element_direction_desktop=\u00bbdefault\u00bb column_element_spacing=\u00bbdefault\u00bb desktop_text_alignment=\u00bbdefault\u00bb tablet_text_alignment=\u00bbdefault\u00bb phone_text_alignment=\u00bbdefault\u00bb...","og_url":"https:\/\/daguab.cat\/es\/politica-de-privacidad\/","og_site_name":"daguab","article_modified_time":"2025-06-05T14:04:53+00:00","twitter_card":"summary_large_image","twitter_misc":{"Tiempo de lectura":"6 minutos"},"schema":{"@context":"https:\/\/schema.org","@graph":[{"@type":"WebPage","@id":"https:\/\/daguab.cat\/es\/politica-de-privacidad\/","url":"https:\/\/daguab.cat\/es\/politica-de-privacidad\/","name":"Pol\u00edtica de Privacidad - daguab","isPartOf":{"@id":"https:\/\/daguab.cat\/es\/#website"},"datePublished":"2025-04-29T16:01:21+00:00","dateModified":"2025-06-05T14:04:53+00:00","breadcrumb":{"@id":"https:\/\/daguab.cat\/es\/politica-de-privacidad\/#breadcrumb"},"inLanguage":"es","potentialAction":[{"@type":"ReadAction","target":["https:\/\/daguab.cat\/es\/politica-de-privacidad\/"]}]},{"@type":"BreadcrumbList","@id":"https:\/\/daguab.cat\/es\/politica-de-privacidad\/#breadcrumb","itemListElement":[{"@type":"ListItem","position":1,"name":"Inici","item":"https:\/\/daguab.cat\/es\/"},{"@type":"ListItem","position":2,"name":"Pol\u00edtica de Privacidad"}]},{"@type":"WebSite","@id":"https:\/\/daguab.cat\/es\/#website","url":"https:\/\/daguab.cat\/es\/","name":"daguab","description":"P\u00e0gina web personal de Daniel Guti\u00e9rrez Abella","potentialAction":[{"@type":"SearchAction","target":{"@type":"EntryPoint","urlTemplate":"https:\/\/daguab.cat\/es\/?s={search_term_string}"},"query-input":{"@type":"PropertyValueSpecification","valueRequired":true,"valueName":"search_term_string"}}],"inLanguage":"es"}]}},"_links":{"self":[{"href":"https:\/\/daguab.cat\/es\/wp-json\/wp\/v2\/pages\/592","targetHints":{"allow":["GET"]}}],"collection":[{"href":"https:\/\/daguab.cat\/es\/wp-json\/wp\/v2\/pages"}],"about":[{"href":"https:\/\/daguab.cat\/es\/wp-json\/wp\/v2\/types\/page"}],"author":[{"embeddable":true,"href":"https:\/\/daguab.cat\/es\/wp-json\/wp\/v2\/users\/3"}],"replies":[{"embeddable":true,"href":"https:\/\/daguab.cat\/es\/wp-json\/wp\/v2\/comments?post=592"}],"version-history":[{"count":4,"href":"https:\/\/daguab.cat\/es\/wp-json\/wp\/v2\/pages\/592\/revisions"}],"predecessor-version":[{"id":596,"href":"https:\/\/daguab.cat\/es\/wp-json\/wp\/v2\/pages\/592\/revisions\/596"}],"wp:attachment":[{"href":"https:\/\/daguab.cat\/es\/wp-json\/wp\/v2\/media?parent=592"}],"curies":[{"name":"wp","href":"https:\/\/api.w.org\/{rel}","templated":true}]}}